{"id":43,"date":"2017-06-02T15:32:21","date_gmt":"2017-06-02T13:32:21","guid":{"rendered":"http:\/\/naturfreunde-giengen.de\/?page_id=43"},"modified":"2026-03-21T14:45:58","modified_gmt":"2026-03-21T12:45:58","slug":"termine","status":"publish","type":"page","link":"https:\/\/naturfreunde-giengen.de\/?page_id=43","title":{"rendered":"Termine"},"content":{"rendered":"<h4>F\u00fcr dieses Jahr ist kein vollst\u00e4ndiges Jahresprogramm erstellt worden.<\/h4>\n<h4>Bitte die Eintr\u00e4ge in der Homepage und die Mitteilungen in der Presse beachten<\/h4>\n<h2>\u00a0Bitte Presse und HP beachten.<\/h2>\n<p><a href=\"https:\/\/naturfreunde-giengen.de\/?attachment_id=2267\" rel=\"attachment wp-att-2267\"><img loading=\"lazy\" decoding=\"async\" class=\"size-full wp-image-2267\" src=\"http:\/\/naturfreunde-giengen.de\/wp-content\/uploads\/2026\/03\/IMG_3075.jpg\" alt=\"\" width=\"1762\" height=\"1177\" srcset=\"https:\/\/naturfreunde-giengen.de\/wp-content\/uploads\/2026\/03\/IMG_3075.jpg 1762w, https:\/\/naturfreunde-giengen.de\/wp-content\/uploads\/2026\/03\/IMG_3075-300x200.jpg 300w, https:\/\/naturfreunde-giengen.de\/wp-content\/uploads\/2026\/03\/IMG_3075-1250x835.jpg 1250w, https:\/\/naturfreunde-giengen.de\/wp-content\/uploads\/2026\/03\/IMG_3075-768x513.jpg 768w, https:\/\/naturfreunde-giengen.de\/wp-content\/uploads\/2026\/03\/IMG_3075-1536x1026.jpg 1536w, https:\/\/naturfreunde-giengen.de\/wp-content\/uploads\/2026\/03\/IMG_3075-150x100.jpg 150w, https:\/\/naturfreunde-giengen.de\/wp-content\/uploads\/2026\/03\/IMG_3075-600x401.jpg 600w\" sizes=\"auto, (max-width: 1762px) 100vw, 1762px\" \/><\/a><\/p>\n<\/p>\n\n\n<figure class=\"wp-block-image size-large\"><img loading=\"lazy\" decoding=\"async\" width=\"1250\" height=\"481\" src=\"http:\/\/naturfreunde-giengen.de\/wp-content\/uploads\/2026\/03\/IMG_3079-1250x481.jpg\" alt=\"\" class=\"wp-image-2268\" srcset=\"https:\/\/naturfreunde-giengen.de\/wp-content\/uploads\/2026\/03\/IMG_3079-1250x481.jpg 1250w, https:\/\/naturfreunde-giengen.de\/wp-content\/uploads\/2026\/03\/IMG_3079-300x116.jpg 300w, https:\/\/naturfreunde-giengen.de\/wp-content\/uploads\/2026\/03\/IMG_3079-768x296.jpg 768w, https:\/\/naturfreunde-giengen.de\/wp-content\/uploads\/2026\/03\/IMG_3079-150x58.jpg 150w, https:\/\/naturfreunde-giengen.de\/wp-content\/uploads\/2026\/03\/IMG_3079-600x231.jpg 600w, https:\/\/naturfreunde-giengen.de\/wp-content\/uploads\/2026\/03\/IMG_3079.jpg 1350w\" sizes=\"auto, (max-width: 1250px) 100vw, 1250px\" \/><\/figure>\n\n\n\n<div class=\"wp-block-columns has-large-font-size is-layout-flex wp-container-core-columns-is-layout-9d6595d7 wp-block-columns-is-layout-flex\">\n<div class=\"wp-block-column has-medium-font-size is-layout-flow wp-block-column-is-layout-flow\" style=\"flex-basis:100%\"><\/div>\n<\/div>\n\n\n\n<p><\/p>\n","protected":false},"excerpt":{"rendered":"<p>F\u00fcr dieses Jahr ist kein vollst\u00e4ndiges Jahresprogramm erstellt worden. Bitte die Eintr\u00e4ge in der Homepage und die Mitteilungen in der Presse beachten \u00a0Bitte Presse und HP beachten.<\/p>\n","protected":false},"author":1,"featured_media":1568,"parent":0,"menu_order":3,"comment_status":"closed","ping_status":"closed","template":"","meta":{"two_page_speed":[],"footnotes":""},"class_list":["post-43","page","type-page","status-publish","has-post-thumbnail","hentry"],"_links":{"self":[{"href":"https:\/\/naturfreunde-giengen.de\/index.php?rest_route=\/wp\/v2\/pages\/43","targetHints":{"allow":["GET"]}}],"collection":[{"href":"https:\/\/naturfreunde-giengen.de\/index.php?rest_route=\/wp\/v2\/pages"}],"about":[{"href":"https:\/\/naturfreunde-giengen.de\/index.php?rest_route=\/wp\/v2\/types\/page"}],"author":[{"embeddable":true,"href":"https:\/\/naturfreunde-giengen.de\/index.php?rest_route=\/wp\/v2\/users\/1"}],"replies":[{"embeddable":true,"href":"https:\/\/naturfreunde-giengen.de\/index.php?rest_route=%2Fwp%2Fv2%2Fcomments&post=43"}],"version-history":[{"count":97,"href":"https:\/\/naturfreunde-giengen.de\/index.php?rest_route=\/wp\/v2\/pages\/43\/revisions"}],"predecessor-version":[{"id":2270,"href":"https:\/\/naturfreunde-giengen.de\/index.php?rest_route=\/wp\/v2\/pages\/43\/revisions\/2270"}],"wp:featuredmedia":[{"embeddable":true,"href":"https:\/\/naturfreunde-giengen.de\/index.php?rest_route=\/wp\/v2\/media\/1568"}],"wp:attachment":[{"href":"https:\/\/naturfreunde-giengen.de\/index.php?rest_route=%2Fwp%2Fv2%2Fmedia&parent=43"}],"curies":[{"name":"wp","href":"https:\/\/api.w.org\/{rel}","templated":true}]}}