{"id":341,"date":"2017-06-26T19:50:42","date_gmt":"2017-06-26T17:50:42","guid":{"rendered":"http:\/\/naturfreunde-giengen.de\/?page_id=341"},"modified":"2023-02-11T17:52:45","modified_gmt":"2023-02-11T15:52:45","slug":"besuch-aus-koeflach","status":"publish","type":"page","link":"https:\/\/naturfreunde-giengen.de\/?page_id=341","title":{"rendered":"Giengen besucht K\u00f6flach"},"content":{"rendered":"<p>Hier findet ihr ein paar Bilder von dem diesj\u00e4hrigen Besuch derGiengener NaturFreunde in K\u00f6flach.<\/p>\n<p>Wir bedanken uns nat\u00fcrlich herzlich bei allen Mitwirkenden und freuen uns auf ein baldiges Wiedersehen.<\/p>\n<h1>Anfahrt<\/h1>\n<p><a href=\"http:\/\/naturfreunde-giengen.de\/?attachment_id=1625\" rel=\"attachment wp-att-1625\"><img loading=\"lazy\" decoding=\"async\" class=\"aligncenter size-full wp-image-1625\" src=\"http:\/\/naturfreunde-giengen.de\/wp-content\/uploads\/2022\/06\/220529-0016.jpg\" alt=\"\" width=\"640\" height=\"426\" srcset=\"https:\/\/naturfreunde-giengen.de\/wp-content\/uploads\/2022\/06\/220529-0016.jpg 640w, https:\/\/naturfreunde-giengen.de\/wp-content\/uploads\/2022\/06\/220529-0016-300x200.jpg 300w, https:\/\/naturfreunde-giengen.de\/wp-content\/uploads\/2022\/06\/220529-0016-150x100.jpg 150w\" sizes=\"auto, (max-width: 640px) 100vw, 640px\" \/><\/a><\/p>\n<h1>&nbsp;<\/h1>\n<p><a href=\"http:\/\/naturfreunde-giengen.de\/?attachment_id=1624\" rel=\"attachment wp-att-1624\"><img loading=\"lazy\" decoding=\"async\" class=\"aligncenter size-full wp-image-1624\" src=\"http:\/\/naturfreunde-giengen.de\/wp-content\/uploads\/2022\/06\/220529-0012.jpg\" alt=\"\" width=\"640\" height=\"426\" srcset=\"https:\/\/naturfreunde-giengen.de\/wp-content\/uploads\/2022\/06\/220529-0012.jpg 640w, https:\/\/naturfreunde-giengen.de\/wp-content\/uploads\/2022\/06\/220529-0012-300x200.jpg 300w, https:\/\/naturfreunde-giengen.de\/wp-content\/uploads\/2022\/06\/220529-0012-150x100.jpg 150w\" sizes=\"auto, (max-width: 640px) 100vw, 640px\" \/><\/a><a href=\"http:\/\/naturfreunde-giengen.de\/?attachment_id=1623\" rel=\"attachment wp-att-1623\"><img loading=\"lazy\" decoding=\"async\" class=\"aligncenter size-full wp-image-1623\" src=\"http:\/\/naturfreunde-giengen.de\/wp-content\/uploads\/2022\/06\/220529-0009.jpg\" alt=\"\" width=\"640\" height=\"426\" srcset=\"https:\/\/naturfreunde-giengen.de\/wp-content\/uploads\/2022\/06\/220529-0009.jpg 640w, https:\/\/naturfreunde-giengen.de\/wp-content\/uploads\/2022\/06\/220529-0009-300x200.jpg 300w, https:\/\/naturfreunde-giengen.de\/wp-content\/uploads\/2022\/06\/220529-0009-150x100.jpg 150w\" sizes=\"auto, (max-width: 640px) 100vw, 640px\" \/><\/a><a href=\"http:\/\/naturfreunde-giengen.de\/?attachment_id=1627\" rel=\"attachment wp-att-1627\"><img loading=\"lazy\" decoding=\"async\" class=\"aligncenter size-full wp-image-1627\" src=\"http:\/\/naturfreunde-giengen.de\/wp-content\/uploads\/2022\/06\/220529-0029.jpg\" alt=\"\" width=\"640\" height=\"426\" srcset=\"https:\/\/naturfreunde-giengen.de\/wp-content\/uploads\/2022\/06\/220529-0029.jpg 640w, https:\/\/naturfreunde-giengen.de\/wp-content\/uploads\/2022\/06\/220529-0029-300x200.jpg 300w, https:\/\/naturfreunde-giengen.de\/wp-content\/uploads\/2022\/06\/220529-0029-150x100.jpg 150w\" sizes=\"auto, (max-width: 640px) 100vw, 640px\" \/><\/a><a href=\"http:\/\/naturfreunde-giengen.de\/?attachment_id=1628\" rel=\"attachment wp-att-1628\"><img loading=\"lazy\" decoding=\"async\" class=\"aligncenter size-full wp-image-1628\" src=\"http:\/\/naturfreunde-giengen.de\/wp-content\/uploads\/2022\/06\/220529-0031.jpg\" alt=\"\" width=\"640\" height=\"426\" srcset=\"https:\/\/naturfreunde-giengen.de\/wp-content\/uploads\/2022\/06\/220529-0031.jpg 640w, https:\/\/naturfreunde-giengen.de\/wp-content\/uploads\/2022\/06\/220529-0031-300x200.jpg 300w, https:\/\/naturfreunde-giengen.de\/wp-content\/uploads\/2022\/06\/220529-0031-150x100.jpg 150w\" sizes=\"auto, (max-width: 640px) 100vw, 640px\" \/><\/a><a href=\"http:\/\/naturfreunde-giengen.de\/?attachment_id=1629\" rel=\"attachment wp-att-1629\"><img loading=\"lazy\" decoding=\"async\" class=\"aligncenter size-full wp-image-1629\" src=\"http:\/\/naturfreunde-giengen.de\/wp-content\/uploads\/2022\/06\/220529-0036.jpg\" alt=\"\" width=\"640\" height=\"426\" srcset=\"https:\/\/naturfreunde-giengen.de\/wp-content\/uploads\/2022\/06\/220529-0036.jpg 640w, https:\/\/naturfreunde-giengen.de\/wp-content\/uploads\/2022\/06\/220529-0036-300x200.jpg 300w, https:\/\/naturfreunde-giengen.de\/wp-content\/uploads\/2022\/06\/220529-0036-150x100.jpg 150w\" sizes=\"auto, (max-width: 640px) 100vw, 640px\" \/><\/a><a href=\"http:\/\/naturfreunde-giengen.de\/?attachment_id=1630\" rel=\"attachment wp-att-1630\"><img loading=\"lazy\" decoding=\"async\" class=\"aligncenter size-full wp-image-1630\" src=\"http:\/\/naturfreunde-giengen.de\/wp-content\/uploads\/2022\/06\/220529-0041.jpg\" alt=\"\" width=\"640\" height=\"426\" srcset=\"https:\/\/naturfreunde-giengen.de\/wp-content\/uploads\/2022\/06\/220529-0041.jpg 640w, https:\/\/naturfreunde-giengen.de\/wp-content\/uploads\/2022\/06\/220529-0041-300x200.jpg 300w, https:\/\/naturfreunde-giengen.de\/wp-content\/uploads\/2022\/06\/220529-0041-150x100.jpg 150w\" sizes=\"auto, (max-width: 640px) 100vw, 640px\" \/><\/a><a href=\"http:\/\/naturfreunde-giengen.de\/?attachment_id=1631\" rel=\"attachment wp-att-1631\"><img loading=\"lazy\" decoding=\"async\" class=\"aligncenter size-full wp-image-1631\" src=\"http:\/\/naturfreunde-giengen.de\/wp-content\/uploads\/2022\/06\/220529-0049.jpg\" alt=\"\" width=\"640\" height=\"426\" srcset=\"https:\/\/naturfreunde-giengen.de\/wp-content\/uploads\/2022\/06\/220529-0049.jpg 640w, https:\/\/naturfreunde-giengen.de\/wp-content\/uploads\/2022\/06\/220529-0049-300x200.jpg 300w, https:\/\/naturfreunde-giengen.de\/wp-content\/uploads\/2022\/06\/220529-0049-150x100.jpg 150w\" sizes=\"auto, (max-width: 640px) 100vw, 640px\" \/><\/a><a href=\"http:\/\/naturfreunde-giengen.de\/?attachment_id=1632\" rel=\"attachment wp-att-1632\"><img loading=\"lazy\" decoding=\"async\" class=\"aligncenter size-full wp-image-1632\" src=\"http:\/\/naturfreunde-giengen.de\/wp-content\/uploads\/2022\/06\/220529-0361.jpg\" alt=\"\" width=\"640\" height=\"426\" srcset=\"https:\/\/naturfreunde-giengen.de\/wp-content\/uploads\/2022\/06\/220529-0361.jpg 640w, https:\/\/naturfreunde-giengen.de\/wp-content\/uploads\/2022\/06\/220529-0361-300x200.jpg 300w, https:\/\/naturfreunde-giengen.de\/wp-content\/uploads\/2022\/06\/220529-0361-150x100.jpg 150w\" sizes=\"auto, (max-width: 640px) 100vw, 640px\" \/><\/a><\/p>\n\n\n<h2 class=\"wp-block-heading\">Die Fahrt mit dem Flascherlzug <\/h2>\n\n\n\n<figure class=\"wp-block-image size-full\"><img loading=\"lazy\" decoding=\"async\" width=\"640\" height=\"426\" src=\"http:\/\/naturfreunde-giengen.de\/wp-content\/uploads\/2022\/06\/220529-0057.jpg\" alt=\"\" class=\"wp-image-1637\" srcset=\"https:\/\/naturfreunde-giengen.de\/wp-content\/uploads\/2022\/06\/220529-0057.jpg 640w, https:\/\/naturfreunde-giengen.de\/wp-content\/uploads\/2022\/06\/220529-0057-300x200.jpg 300w, https:\/\/naturfreunde-giengen.de\/wp-content\/uploads\/2022\/06\/220529-0057-150x100.jpg 150w\" sizes=\"auto, (max-width: 640px) 100vw, 640px\" \/><\/figure>\n\n\n\n<figure class=\"wp-block-image size-full\"><img loading=\"lazy\" decoding=\"async\" width=\"640\" height=\"426\" src=\"http:\/\/naturfreunde-giengen.de\/wp-content\/uploads\/2022\/06\/220529-0058.jpg\" alt=\"\" class=\"wp-image-1638\" srcset=\"https:\/\/naturfreunde-giengen.de\/wp-content\/uploads\/2022\/06\/220529-0058.jpg 640w, https:\/\/naturfreunde-giengen.de\/wp-content\/uploads\/2022\/06\/220529-0058-300x200.jpg 300w, https:\/\/naturfreunde-giengen.de\/wp-content\/uploads\/2022\/06\/220529-0058-150x100.jpg 150w\" sizes=\"auto, (max-width: 640px) 100vw, 640px\" \/><\/figure>\n\n\n\n<figure class=\"wp-block-image size-full\"><img loading=\"lazy\" decoding=\"async\" width=\"640\" height=\"426\" src=\"http:\/\/naturfreunde-giengen.de\/wp-content\/uploads\/2022\/06\/220529-0059.jpg\" alt=\"\" class=\"wp-image-1639\" srcset=\"https:\/\/naturfreunde-giengen.de\/wp-content\/uploads\/2022\/06\/220529-0059.jpg 640w, https:\/\/naturfreunde-giengen.de\/wp-content\/uploads\/2022\/06\/220529-0059-300x200.jpg 300w, https:\/\/naturfreunde-giengen.de\/wp-content\/uploads\/2022\/06\/220529-0059-150x100.jpg 150w\" sizes=\"auto, (max-width: 640px) 100vw, 640px\" \/><\/figure>\n\n\n\n<figure class=\"wp-block-image size-full\"><img loading=\"lazy\" decoding=\"async\" width=\"640\" height=\"426\" src=\"http:\/\/naturfreunde-giengen.de\/wp-content\/uploads\/2022\/06\/220529-0060.jpg\" alt=\"\" class=\"wp-image-1640\" srcset=\"https:\/\/naturfreunde-giengen.de\/wp-content\/uploads\/2022\/06\/220529-0060.jpg 640w, https:\/\/naturfreunde-giengen.de\/wp-content\/uploads\/2022\/06\/220529-0060-300x200.jpg 300w, https:\/\/naturfreunde-giengen.de\/wp-content\/uploads\/2022\/06\/220529-0060-150x100.jpg 150w\" sizes=\"auto, (max-width: 640px) 100vw, 640px\" \/><\/figure>\n\n\n\n<figure class=\"wp-block-image size-full\"><img loading=\"lazy\" decoding=\"async\" width=\"640\" height=\"426\" src=\"http:\/\/naturfreunde-giengen.de\/wp-content\/uploads\/2022\/06\/220529-0063.jpg\" alt=\"\" class=\"wp-image-1641\" srcset=\"https:\/\/naturfreunde-giengen.de\/wp-content\/uploads\/2022\/06\/220529-0063.jpg 640w, https:\/\/naturfreunde-giengen.de\/wp-content\/uploads\/2022\/06\/220529-0063-300x200.jpg 300w, https:\/\/naturfreunde-giengen.de\/wp-content\/uploads\/2022\/06\/220529-0063-150x100.jpg 150w\" sizes=\"auto, (max-width: 640px) 100vw, 640px\" \/><\/figure>\n\n\n\n<figure class=\"wp-block-image size-full\"><img loading=\"lazy\" decoding=\"async\" width=\"640\" height=\"426\" src=\"http:\/\/naturfreunde-giengen.de\/wp-content\/uploads\/2022\/06\/220529-0086.jpg\" alt=\"\" class=\"wp-image-1642\" srcset=\"https:\/\/naturfreunde-giengen.de\/wp-content\/uploads\/2022\/06\/220529-0086.jpg 640w, https:\/\/naturfreunde-giengen.de\/wp-content\/uploads\/2022\/06\/220529-0086-300x200.jpg 300w, https:\/\/naturfreunde-giengen.de\/wp-content\/uploads\/2022\/06\/220529-0086-150x100.jpg 150w\" sizes=\"auto, (max-width: 640px) 100vw, 640px\" \/><\/figure>\n\n\n\n<figure class=\"wp-block-image size-full\"><img loading=\"lazy\" decoding=\"async\" width=\"640\" height=\"426\" src=\"http:\/\/naturfreunde-giengen.de\/wp-content\/uploads\/2022\/06\/220529-0096.jpg\" alt=\"\" class=\"wp-image-1644\" srcset=\"https:\/\/naturfreunde-giengen.de\/wp-content\/uploads\/2022\/06\/220529-0096.jpg 640w, https:\/\/naturfreunde-giengen.de\/wp-content\/uploads\/2022\/06\/220529-0096-300x200.jpg 300w, https:\/\/naturfreunde-giengen.de\/wp-content\/uploads\/2022\/06\/220529-0096-150x100.jpg 150w\" sizes=\"auto, (max-width: 640px) 100vw, 640px\" \/><\/figure>\n\n\n\n<figure class=\"wp-block-image size-full\"><img loading=\"lazy\" decoding=\"async\" width=\"640\" height=\"426\" src=\"http:\/\/naturfreunde-giengen.de\/wp-content\/uploads\/2022\/06\/220529-0111.jpg\" alt=\"\" class=\"wp-image-1645\" srcset=\"https:\/\/naturfreunde-giengen.de\/wp-content\/uploads\/2022\/06\/220529-0111.jpg 640w, https:\/\/naturfreunde-giengen.de\/wp-content\/uploads\/2022\/06\/220529-0111-300x200.jpg 300w, https:\/\/naturfreunde-giengen.de\/wp-content\/uploads\/2022\/06\/220529-0111-150x100.jpg 150w\" sizes=\"auto, (max-width: 640px) 100vw, 640px\" \/><\/figure>\n\n\n\n<figure class=\"wp-block-image size-full\"><img loading=\"lazy\" decoding=\"async\" width=\"640\" height=\"426\" src=\"http:\/\/naturfreunde-giengen.de\/wp-content\/uploads\/2022\/06\/220529-0113.jpg\" alt=\"\" class=\"wp-image-1646\" srcset=\"https:\/\/naturfreunde-giengen.de\/wp-content\/uploads\/2022\/06\/220529-0113.jpg 640w, https:\/\/naturfreunde-giengen.de\/wp-content\/uploads\/2022\/06\/220529-0113-300x200.jpg 300w, https:\/\/naturfreunde-giengen.de\/wp-content\/uploads\/2022\/06\/220529-0113-150x100.jpg 150w\" sizes=\"auto, (max-width: 640px) 100vw, 640px\" \/><\/figure>\n\n\n\n<figure class=\"wp-block-image size-full\"><img loading=\"lazy\" decoding=\"async\" width=\"640\" height=\"426\" src=\"http:\/\/naturfreunde-giengen.de\/wp-content\/uploads\/2022\/06\/220529-0114-1.jpg\" alt=\"\" class=\"wp-image-1647\" srcset=\"https:\/\/naturfreunde-giengen.de\/wp-content\/uploads\/2022\/06\/220529-0114-1.jpg 640w, https:\/\/naturfreunde-giengen.de\/wp-content\/uploads\/2022\/06\/220529-0114-1-300x200.jpg 300w, https:\/\/naturfreunde-giengen.de\/wp-content\/uploads\/2022\/06\/220529-0114-1-150x100.jpg 150w\" sizes=\"auto, (max-width: 640px) 100vw, 640px\" \/><\/figure>\n\n\n\n<h2 class=\"wp-block-heading\">Das gro\u00dfe Jubil\u00e4umsfest<\/h2>\n\n\n\n<figure class=\"wp-block-image size-full\"><img loading=\"lazy\" decoding=\"async\" width=\"426\" height=\"640\" src=\"http:\/\/naturfreunde-giengen.de\/wp-content\/uploads\/2022\/06\/220529-0135.jpg\" alt=\"\" class=\"wp-image-1652\" srcset=\"https:\/\/naturfreunde-giengen.de\/wp-content\/uploads\/2022\/06\/220529-0135.jpg 426w, https:\/\/naturfreunde-giengen.de\/wp-content\/uploads\/2022\/06\/220529-0135-200x300.jpg 200w, https:\/\/naturfreunde-giengen.de\/wp-content\/uploads\/2022\/06\/220529-0135-100x150.jpg 100w\" sizes=\"auto, (max-width: 426px) 100vw, 426px\" \/><\/figure>\n\n\n\n<figure class=\"wp-block-image size-full\"><img loading=\"lazy\" decoding=\"async\" width=\"640\" height=\"426\" src=\"http:\/\/naturfreunde-giengen.de\/wp-content\/uploads\/2022\/06\/220529-0136.jpg\" alt=\"\" class=\"wp-image-1653\" srcset=\"https:\/\/naturfreunde-giengen.de\/wp-content\/uploads\/2022\/06\/220529-0136.jpg 640w, https:\/\/naturfreunde-giengen.de\/wp-content\/uploads\/2022\/06\/220529-0136-300x200.jpg 300w, https:\/\/naturfreunde-giengen.de\/wp-content\/uploads\/2022\/06\/220529-0136-150x100.jpg 150w\" sizes=\"auto, (max-width: 640px) 100vw, 640px\" \/><\/figure>\n\n\n\n<figure class=\"wp-block-image size-full\"><img loading=\"lazy\" decoding=\"async\" width=\"640\" height=\"426\" src=\"http:\/\/naturfreunde-giengen.de\/wp-content\/uploads\/2022\/06\/220529-0147.jpg\" alt=\"\" class=\"wp-image-1654\" srcset=\"https:\/\/naturfreunde-giengen.de\/wp-content\/uploads\/2022\/06\/220529-0147.jpg 640w, https:\/\/naturfreunde-giengen.de\/wp-content\/uploads\/2022\/06\/220529-0147-300x200.jpg 300w, https:\/\/naturfreunde-giengen.de\/wp-content\/uploads\/2022\/06\/220529-0147-150x100.jpg 150w\" sizes=\"auto, (max-width: 640px) 100vw, 640px\" \/><\/figure>\n\n\n\n<figure class=\"wp-block-image size-full\"><img loading=\"lazy\" decoding=\"async\" width=\"640\" height=\"426\" src=\"http:\/\/naturfreunde-giengen.de\/wp-content\/uploads\/2022\/06\/220529-0153.jpg\" alt=\"\" class=\"wp-image-1655\" srcset=\"https:\/\/naturfreunde-giengen.de\/wp-content\/uploads\/2022\/06\/220529-0153.jpg 640w, https:\/\/naturfreunde-giengen.de\/wp-content\/uploads\/2022\/06\/220529-0153-300x200.jpg 300w, https:\/\/naturfreunde-giengen.de\/wp-content\/uploads\/2022\/06\/220529-0153-150x100.jpg 150w\" sizes=\"auto, (max-width: 640px) 100vw, 640px\" \/><\/figure>\n\n\n\n<figure class=\"wp-block-image size-full\"><img loading=\"lazy\" decoding=\"async\" width=\"640\" height=\"426\" src=\"http:\/\/naturfreunde-giengen.de\/wp-content\/uploads\/2022\/06\/220529-0170.jpg\" alt=\"\" class=\"wp-image-1656\" srcset=\"https:\/\/naturfreunde-giengen.de\/wp-content\/uploads\/2022\/06\/220529-0170.jpg 640w, https:\/\/naturfreunde-giengen.de\/wp-content\/uploads\/2022\/06\/220529-0170-300x200.jpg 300w, https:\/\/naturfreunde-giengen.de\/wp-content\/uploads\/2022\/06\/220529-0170-150x100.jpg 150w\" sizes=\"auto, (max-width: 640px) 100vw, 640px\" \/><\/figure>\n\n\n\n<figure class=\"wp-block-image size-full\"><img loading=\"lazy\" decoding=\"async\" width=\"640\" height=\"426\" src=\"http:\/\/naturfreunde-giengen.de\/wp-content\/uploads\/2022\/06\/220529-0172.jpg\" alt=\"\" class=\"wp-image-1657\" srcset=\"https:\/\/naturfreunde-giengen.de\/wp-content\/uploads\/2022\/06\/220529-0172.jpg 640w, https:\/\/naturfreunde-giengen.de\/wp-content\/uploads\/2022\/06\/220529-0172-300x200.jpg 300w, https:\/\/naturfreunde-giengen.de\/wp-content\/uploads\/2022\/06\/220529-0172-150x100.jpg 150w\" sizes=\"auto, (max-width: 640px) 100vw, 640px\" \/><\/figure>\n\n\n\n<figure class=\"wp-block-image size-full\"><img loading=\"lazy\" decoding=\"async\" width=\"640\" height=\"426\" src=\"http:\/\/naturfreunde-giengen.de\/wp-content\/uploads\/2022\/06\/220529-0183.jpg\" alt=\"\" class=\"wp-image-1658\" srcset=\"https:\/\/naturfreunde-giengen.de\/wp-content\/uploads\/2022\/06\/220529-0183.jpg 640w, https:\/\/naturfreunde-giengen.de\/wp-content\/uploads\/2022\/06\/220529-0183-300x200.jpg 300w, https:\/\/naturfreunde-giengen.de\/wp-content\/uploads\/2022\/06\/220529-0183-150x100.jpg 150w\" sizes=\"auto, (max-width: 640px) 100vw, 640px\" \/><\/figure>\n\n\n\n<figure class=\"wp-block-image size-full\"><img loading=\"lazy\" decoding=\"async\" width=\"640\" height=\"426\" src=\"http:\/\/naturfreunde-giengen.de\/wp-content\/uploads\/2022\/06\/220529-0187.jpg\" alt=\"\" class=\"wp-image-1660\" srcset=\"https:\/\/naturfreunde-giengen.de\/wp-content\/uploads\/2022\/06\/220529-0187.jpg 640w, https:\/\/naturfreunde-giengen.de\/wp-content\/uploads\/2022\/06\/220529-0187-300x200.jpg 300w, https:\/\/naturfreunde-giengen.de\/wp-content\/uploads\/2022\/06\/220529-0187-150x100.jpg 150w\" sizes=\"auto, (max-width: 640px) 100vw, 640px\" \/><\/figure>\n\n\n\n<figure class=\"wp-block-image size-full\"><img loading=\"lazy\" decoding=\"async\" width=\"640\" height=\"426\" src=\"http:\/\/naturfreunde-giengen.de\/wp-content\/uploads\/2022\/06\/220529-0186.jpg\" alt=\"\" class=\"wp-image-1659\" srcset=\"https:\/\/naturfreunde-giengen.de\/wp-content\/uploads\/2022\/06\/220529-0186.jpg 640w, https:\/\/naturfreunde-giengen.de\/wp-content\/uploads\/2022\/06\/220529-0186-300x200.jpg 300w, https:\/\/naturfreunde-giengen.de\/wp-content\/uploads\/2022\/06\/220529-0186-150x100.jpg 150w\" sizes=\"auto, (max-width: 640px) 100vw, 640px\" \/><\/figure>\n\n\n\n<figure class=\"wp-block-image size-full\"><img loading=\"lazy\" decoding=\"async\" width=\"640\" height=\"426\" src=\"http:\/\/naturfreunde-giengen.de\/wp-content\/uploads\/2022\/06\/220529-0206.jpg\" alt=\"\" class=\"wp-image-1661\" srcset=\"https:\/\/naturfreunde-giengen.de\/wp-content\/uploads\/2022\/06\/220529-0206.jpg 640w, https:\/\/naturfreunde-giengen.de\/wp-content\/uploads\/2022\/06\/220529-0206-300x200.jpg 300w, https:\/\/naturfreunde-giengen.de\/wp-content\/uploads\/2022\/06\/220529-0206-150x100.jpg 150w\" sizes=\"auto, (max-width: 640px) 100vw, 640px\" \/><\/figure>\n\n\n\n<figure class=\"wp-block-image size-full\"><img loading=\"lazy\" decoding=\"async\" width=\"640\" height=\"426\" src=\"http:\/\/naturfreunde-giengen.de\/wp-content\/uploads\/2022\/06\/220529-0216.jpg\" alt=\"\" class=\"wp-image-1662\" srcset=\"https:\/\/naturfreunde-giengen.de\/wp-content\/uploads\/2022\/06\/220529-0216.jpg 640w, https:\/\/naturfreunde-giengen.de\/wp-content\/uploads\/2022\/06\/220529-0216-300x200.jpg 300w, https:\/\/naturfreunde-giengen.de\/wp-content\/uploads\/2022\/06\/220529-0216-150x100.jpg 150w\" sizes=\"auto, (max-width: 640px) 100vw, 640px\" \/><\/figure>\n\n\n\n<p><\/p>\n\n\n\n<figure class=\"wp-block-image size-full\"><img loading=\"lazy\" decoding=\"async\" width=\"640\" height=\"426\" src=\"http:\/\/naturfreunde-giengen.de\/wp-content\/uploads\/2022\/06\/220529-0221.jpg\" alt=\"\" class=\"wp-image-1663\" srcset=\"https:\/\/naturfreunde-giengen.de\/wp-content\/uploads\/2022\/06\/220529-0221.jpg 640w, https:\/\/naturfreunde-giengen.de\/wp-content\/uploads\/2022\/06\/220529-0221-300x200.jpg 300w, https:\/\/naturfreunde-giengen.de\/wp-content\/uploads\/2022\/06\/220529-0221-150x100.jpg 150w\" sizes=\"auto, (max-width: 640px) 100vw, 640px\" \/><\/figure>\n\n\n\n<figure class=\"wp-block-image size-full\"><img loading=\"lazy\" decoding=\"async\" width=\"640\" height=\"426\" src=\"http:\/\/naturfreunde-giengen.de\/wp-content\/uploads\/2022\/06\/220529-0262.jpg\" alt=\"\" class=\"wp-image-1664\" srcset=\"https:\/\/naturfreunde-giengen.de\/wp-content\/uploads\/2022\/06\/220529-0262.jpg 640w, https:\/\/naturfreunde-giengen.de\/wp-content\/uploads\/2022\/06\/220529-0262-300x200.jpg 300w, https:\/\/naturfreunde-giengen.de\/wp-content\/uploads\/2022\/06\/220529-0262-150x100.jpg 150w\" sizes=\"auto, (max-width: 640px) 100vw, 640px\" \/><\/figure>\n\n\n\n<figure class=\"wp-block-image size-full\"><img loading=\"lazy\" decoding=\"async\" width=\"640\" height=\"426\" src=\"http:\/\/naturfreunde-giengen.de\/wp-content\/uploads\/2022\/06\/220529-0284.jpg\" alt=\"\" class=\"wp-image-1665\" srcset=\"https:\/\/naturfreunde-giengen.de\/wp-content\/uploads\/2022\/06\/220529-0284.jpg 640w, https:\/\/naturfreunde-giengen.de\/wp-content\/uploads\/2022\/06\/220529-0284-300x200.jpg 300w, https:\/\/naturfreunde-giengen.de\/wp-content\/uploads\/2022\/06\/220529-0284-150x100.jpg 150w\" sizes=\"auto, (max-width: 640px) 100vw, 640px\" \/><\/figure>\n","protected":false},"excerpt":{"rendered":"<p>Hier findet ihr ein paar Bilder von dem diesj\u00e4hrigen Besuch derGiengener NaturFreunde in K\u00f6flach. Wir bedanken uns nat\u00fcrlich herzlich bei allen Mitwirkenden und freuen uns auf ein baldiges Wiedersehen. Anfahrt &nbsp; Die Fahrt mit dem Flascherlzug Das gro\u00dfe Jubil\u00e4umsfest<\/p>\n","protected":false},"author":1,"featured_media":0,"parent":338,"menu_order":0,"comment_status":"closed","ping_status":"closed","template":"","meta":{"two_page_speed":[],"footnotes":""},"class_list":["post-341","page","type-page","status-publish","hentry"],"_links":{"self":[{"href":"https:\/\/naturfreunde-giengen.de\/index.php?rest_route=\/wp\/v2\/pages\/341","targetHints":{"allow":["GET"]}}],"collection":[{"href":"https:\/\/naturfreunde-giengen.de\/index.php?rest_route=\/wp\/v2\/pages"}],"about":[{"href":"https:\/\/naturfreunde-giengen.de\/index.php?rest_route=\/wp\/v2\/types\/page"}],"author":[{"embeddable":true,"href":"https:\/\/naturfreunde-giengen.de\/index.php?rest_route=\/wp\/v2\/users\/1"}],"replies":[{"embeddable":true,"href":"https:\/\/naturfreunde-giengen.de\/index.php?rest_route=%2Fwp%2Fv2%2Fcomments&post=341"}],"version-history":[{"count":20,"href":"https:\/\/naturfreunde-giengen.de\/index.php?rest_route=\/wp\/v2\/pages\/341\/revisions"}],"predecessor-version":[{"id":1728,"href":"https:\/\/naturfreunde-giengen.de\/index.php?rest_route=\/wp\/v2\/pages\/341\/revisions\/1728"}],"up":[{"embeddable":true,"href":"https:\/\/naturfreunde-giengen.de\/index.php?rest_route=\/wp\/v2\/pages\/338"}],"wp:attachment":[{"href":"https:\/\/naturfreunde-giengen.de\/index.php?rest_route=%2Fwp%2Fv2%2Fmedia&parent=341"}],"curies":[{"name":"wp","href":"https:\/\/api.w.org\/{rel}","templated":true}]}}