{"id":263,"date":"2017-06-19T11:56:33","date_gmt":"2017-06-19T09:56:33","guid":{"rendered":"http:\/\/naturfreunde-giengen.de\/?page_id=263"},"modified":"2025-03-22T18:14:11","modified_gmt":"2025-03-22T16:14:11","slug":"die-naturfreunde-betreffend","status":"publish","type":"page","link":"https:\/\/naturfreunde-giengen.de\/?page_id=263","title":{"rendered":"Die NaturFreunde betreffend"},"content":{"rendered":"<p>Hier findest du einen Aufnahmeantrag, unsere Satzung und die Wegbeschreibung zum Naturfreundehaus Hasenloch als Pdf-Dateien.<\/p>\n<h3>1. Aufnahmeantrag<\/h3>\n<p>Wenn du Mitglied werden willst, kannst du den Aufnahmeantrag herunterladen, ausf\u00fcllen und im Hasenloch abgeben.<\/p>\n<p><a href=\"http:\/\/naturfreunde-giengen.de\/wp-content\/uploads\/2021\/01\/Aufnahmeantrag-Neu.pdf\" target=\"_blank\" rel=\"noopener noreferrer\">Aufnahmeantrag<br \/>\n<\/a><\/p>\n<h3><\/h3>\n<h3>2. Unsere Satzung<\/h3>\n<p>Hier findest du alles \u00fcber unsere Grunds\u00e4tze und T\u00e4tigkeiten als NaturFreunde.<\/p>\n<p><a href=\"http:\/\/naturfreunde-giengen.de\/wp-content\/uploads\/2017\/05\/Satzung1.pdf\" target=\"_blank\" rel=\"noopener noreferrer\">Satzung<\/a><\/p>\n<h3><\/h3>\n<h3>3. Mitgliedsbeitr\u00e4ge<\/h3>\n<p>Hier findest du die die Jahresbeitr\u00e4ge f\u00fcr Mitglieder.<\/p>\n<p><a href=\"http:\/\/naturfreunde-giengen.de\/wp-content\/uploads\/2017\/06\/Beitraege1.pdf\" target=\"_blank\" rel=\"noopener noreferrer\">Mitgliedsbeitr\u00e4ge<\/a><\/p>\n<h3>4. Wegbeschreibung<\/h3>\n<p>Damit du auf dem Weg zu uns nicht verloren gehst, kannst du hier eine Wegbeschreibung herunterladen und ausdrucken.<\/p>\n<p><a href=\"http:\/\/naturfreunde-giengen.de\/wp-content\/uploads\/2017\/06\/Wegbeschreibung.pdf\" target=\"_blank\" rel=\"noopener noreferrer\">Wegbeschreibung<\/a><\/p>\n<h3><\/h3>\n","protected":false},"excerpt":{"rendered":"<p>Hier findest du einen Aufnahmeantrag, unsere Satzung und die Wegbeschreibung zum Naturfreundehaus Hasenloch als Pdf-Dateien. 1. Aufnahmeantrag Wenn du Mitglied werden willst, kannst du den Aufnahmeantrag herunterladen, ausf\u00fcllen und im Hasenloch abgeben. Aufnahmeantrag 2. Unsere Satzung Hier findest du alles \u00fcber unsere Grunds\u00e4tze und T\u00e4tigkeiten als NaturFreunde. Satzung 3. Mitgliedsbeitr\u00e4ge Hier findest du die die&#8230;&nbsp;(<a href=\"https:\/\/naturfreunde-giengen.de\/?page_id=263\">weiterlesen<\/a>)<\/p>\n","protected":false},"author":2,"featured_media":0,"parent":0,"menu_order":0,"comment_status":"closed","ping_status":"closed","template":"","meta":{"two_page_speed":[],"footnotes":""},"class_list":["post-263","page","type-page","status-publish","hentry"],"_links":{"self":[{"href":"https:\/\/naturfreunde-giengen.de\/index.php?rest_route=\/wp\/v2\/pages\/263","targetHints":{"allow":["GET"]}}],"collection":[{"href":"https:\/\/naturfreunde-giengen.de\/index.php?rest_route=\/wp\/v2\/pages"}],"about":[{"href":"https:\/\/naturfreunde-giengen.de\/index.php?rest_route=\/wp\/v2\/types\/page"}],"author":[{"embeddable":true,"href":"https:\/\/naturfreunde-giengen.de\/index.php?rest_route=\/wp\/v2\/users\/2"}],"replies":[{"embeddable":true,"href":"https:\/\/naturfreunde-giengen.de\/index.php?rest_route=%2Fwp%2Fv2%2Fcomments&post=263"}],"version-history":[{"count":18,"href":"https:\/\/naturfreunde-giengen.de\/index.php?rest_route=\/wp\/v2\/pages\/263\/revisions"}],"predecessor-version":[{"id":2144,"href":"https:\/\/naturfreunde-giengen.de\/index.php?rest_route=\/wp\/v2\/pages\/263\/revisions\/2144"}],"wp:attachment":[{"href":"https:\/\/naturfreunde-giengen.de\/index.php?rest_route=%2Fwp%2Fv2%2Fmedia&parent=263"}],"curies":[{"name":"wp","href":"https:\/\/api.w.org\/{rel}","templated":true}]}}