{"id":169,"date":"2017-06-11T11:02:08","date_gmt":"2017-06-11T09:02:08","guid":{"rendered":"http:\/\/naturfreunde-giengen.de\/?page_id=169"},"modified":"2017-06-16T12:32:33","modified_gmt":"2017-06-16T10:32:33","slug":"ueber-unser-gruppen","status":"publish","type":"page","link":"https:\/\/naturfreunde-giengen.de\/?page_id=169","title":{"rendered":"\u00dcber unsere Gruppen"},"content":{"rendered":"<h1>In unserer Satzung steht der Satz<\/h1>\n<p>F\u00f6rderung der musischen und kulturellen Bet\u00e4tigung und der Kreativit\u00e4t, z.B. auf den Gebieten bildende Kunst, Literatur, Theater, Foto, Film, Musik, Sprachen und Tanz;<\/p>\n<p>Dieser Satz ist nicht nur Programm, er wird durch eine Vielzahl von Gruppen mit Leben erf\u00fcllt.<\/p>\n<p>In unseren Reihen sind Radfahrer, Wintersportler oder Wanderer ebenso willkommen wie Musiker, Theaterliebhaber, T\u00e4nzer oder Fotografen.<\/p>\n<p>Die Geschichte unserer Heimat birgt noch viel von dem die \u00d6ffentlichkeit nichts weiss.<\/p>\n<p>Aktuelle Entscheidungen des Gemeinderats, Kreisrats oder \u3000Entscheidungen auf Landes- und Bundesebene ber\u00fchren auch uns. Fragen der geschichtlichen, politischen und gesellschaftlichen Zusammenh\u00e4nge spiegeln sich in den Veranstaltungen und Themenabenden.<\/p>\n<p>Sollte ein Thema soviel Interessenten finden, dass sich daraus eine eigene Gruppe bildet, w\u00fcrden wir das toll finden<\/p>\n","protected":false},"excerpt":{"rendered":"<p>In unserer Satzung steht der Satz F\u00f6rderung der musischen und kulturellen Bet\u00e4tigung und der Kreativit\u00e4t, z.B. auf den Gebieten bildende Kunst, Literatur, Theater, Foto, Film, Musik, Sprachen und Tanz; Dieser Satz ist nicht nur Programm, er wird durch eine Vielzahl von Gruppen mit Leben erf\u00fcllt. In unseren Reihen sind Radfahrer, Wintersportler oder Wanderer ebenso willkommen&#8230;&nbsp;(<a href=\"https:\/\/naturfreunde-giengen.de\/?page_id=169\">weiterlesen<\/a>)<\/p>\n","protected":false},"author":1,"featured_media":0,"parent":0,"menu_order":0,"comment_status":"closed","ping_status":"closed","template":"","meta":{"two_page_speed":[],"footnotes":""},"class_list":["post-169","page","type-page","status-publish","hentry"],"_links":{"self":[{"href":"https:\/\/naturfreunde-giengen.de\/index.php?rest_route=\/wp\/v2\/pages\/169","targetHints":{"allow":["GET"]}}],"collection":[{"href":"https:\/\/naturfreunde-giengen.de\/index.php?rest_route=\/wp\/v2\/pages"}],"about":[{"href":"https:\/\/naturfreunde-giengen.de\/index.php?rest_route=\/wp\/v2\/types\/page"}],"author":[{"embeddable":true,"href":"https:\/\/naturfreunde-giengen.de\/index.php?rest_route=\/wp\/v2\/users\/1"}],"replies":[{"embeddable":true,"href":"https:\/\/naturfreunde-giengen.de\/index.php?rest_route=%2Fwp%2Fv2%2Fcomments&post=169"}],"version-history":[{"count":3,"href":"https:\/\/naturfreunde-giengen.de\/index.php?rest_route=\/wp\/v2\/pages\/169\/revisions"}],"predecessor-version":[{"id":185,"href":"https:\/\/naturfreunde-giengen.de\/index.php?rest_route=\/wp\/v2\/pages\/169\/revisions\/185"}],"wp:attachment":[{"href":"https:\/\/naturfreunde-giengen.de\/index.php?rest_route=%2Fwp%2Fv2%2Fmedia&parent=169"}],"curies":[{"name":"wp","href":"https:\/\/api.w.org\/{rel}","templated":true}]}}