{"id":158,"date":"2017-06-09T15:46:35","date_gmt":"2017-06-09T13:46:35","guid":{"rendered":"http:\/\/naturfreunde-giengen.de\/?page_id=158"},"modified":"2017-06-16T11:34:18","modified_gmt":"2017-06-16T09:34:18","slug":"arbeitskreis-natur-und-umweltschutz","status":"publish","type":"page","link":"https:\/\/naturfreunde-giengen.de\/?page_id=158","title":{"rendered":"Arbeitskreis Natur- und Umweltschutz"},"content":{"rendered":"<p>Innerhalb des weltweiten Verbandes engagierte sich die Giengener Ortsgruppe schon in den ersten Jahren nach ihrer Gr\u00fcndung f\u00fcr den Schutz der Natur und die Erhaltung nat\u00fcrlicher Lebensr\u00e4ume. Bereits 1927 stellte der Ortsverein bei der Stadtverwaltung einen Antrag zur Reinigung eines Waldsees, um diesen vor weiterer Verlandung zu bewahren. Seitdem k\u00f6nnen die Umweltschutzaktionen in einer langen Reihe belegt werden. Giengener Naturfreunde haben mit sogenannten &#8222;Putzeten&#8220;, Heckenpflanzungen, der Pflege von Wacholderheiden, dem Bau einer Trockenmauer und einer st\u00e4ndigen Betreuung von Nistk\u00e4sten viele freiwilligen Arbeitsstunden erbracht. Mit ihren Umweltaktivit\u00e4ten haben die Giengener NaturFreunde dazu beigetragen, dass der W\u00fcrttembergische Landesverband als Naturschutzverband anerkannt wurde. Die Gruppe wird sich auch weiterhin auf der Grundlage des \u00a7 29 des Bundesnaturschutzgesetztes aktiv mit Stellungnahmen und Vorschl\u00e4gen bei vorgesehenen Eingriffen in die Natur einmischen.<\/p>\n<p align=\"CENTER\">Die Leitung der Gruppe liegt in den H\u00e4nden von\u3000Dr. Karl Heinz Mueller<\/p>\n<p align=\"CENTER\">Weitere Ausk\u00fcnfte unter<\/p>\n<p style=\"text-align: center;\">Tel. Nr. 07322 \/ 23866 oder per mail: karl-heinz.mueller@uni-ulm.de<\/p>\n<p>&nbsp;<\/p>\n","protected":false},"excerpt":{"rendered":"<p>Innerhalb des weltweiten Verbandes engagierte sich die Giengener Ortsgruppe schon in den ersten Jahren nach ihrer Gr\u00fcndung f\u00fcr den Schutz der Natur und die Erhaltung nat\u00fcrlicher Lebensr\u00e4ume. Bereits 1927 stellte der Ortsverein bei der Stadtverwaltung einen Antrag zur Reinigung eines Waldsees, um diesen vor weiterer Verlandung zu bewahren. Seitdem k\u00f6nnen die Umweltschutzaktionen in einer langen&#8230;&nbsp;(<a href=\"https:\/\/naturfreunde-giengen.de\/?page_id=158\">weiterlesen<\/a>)<\/p>\n","protected":false},"author":1,"featured_media":0,"parent":83,"menu_order":0,"comment_status":"closed","ping_status":"closed","template":"page-no-sidebar.php","meta":{"two_page_speed":[],"footnotes":""},"class_list":["post-158","page","type-page","status-publish","hentry"],"_links":{"self":[{"href":"https:\/\/naturfreunde-giengen.de\/index.php?rest_route=\/wp\/v2\/pages\/158","targetHints":{"allow":["GET"]}}],"collection":[{"href":"https:\/\/naturfreunde-giengen.de\/index.php?rest_route=\/wp\/v2\/pages"}],"about":[{"href":"https:\/\/naturfreunde-giengen.de\/index.php?rest_route=\/wp\/v2\/types\/page"}],"author":[{"embeddable":true,"href":"https:\/\/naturfreunde-giengen.de\/index.php?rest_route=\/wp\/v2\/users\/1"}],"replies":[{"embeddable":true,"href":"https:\/\/naturfreunde-giengen.de\/index.php?rest_route=%2Fwp%2Fv2%2Fcomments&post=158"}],"version-history":[{"count":3,"href":"https:\/\/naturfreunde-giengen.de\/index.php?rest_route=\/wp\/v2\/pages\/158\/revisions"}],"predecessor-version":[{"id":198,"href":"https:\/\/naturfreunde-giengen.de\/index.php?rest_route=\/wp\/v2\/pages\/158\/revisions\/198"}],"up":[{"embeddable":true,"href":"https:\/\/naturfreunde-giengen.de\/index.php?rest_route=\/wp\/v2\/pages\/83"}],"wp:attachment":[{"href":"https:\/\/naturfreunde-giengen.de\/index.php?rest_route=%2Fwp%2Fv2%2Fmedia&parent=158"}],"curies":[{"name":"wp","href":"https:\/\/api.w.org\/{rel}","templated":true}]}}