{"id":156,"date":"2017-06-09T15:45:57","date_gmt":"2017-06-09T13:45:57","guid":{"rendered":"http:\/\/naturfreunde-giengen.de\/?page_id=156"},"modified":"2017-06-16T11:41:13","modified_gmt":"2017-06-16T09:41:13","slug":"die-mittwochsgruppe","status":"publish","type":"page","link":"https:\/\/naturfreunde-giengen.de\/?page_id=156","title":{"rendered":"Die Mittwochsgruppe"},"content":{"rendered":"<p>Egal ob es regnet, st\u00fcrmt, schneit oder wir den tollsten Sonnenschein haben;<\/p>\n<p>Jeden Mittwoch und das seit \u00fcber 20 Jahren trifft sich unsere Gruppe.<\/p>\n<p>Nicht zum Fr\u00fchschoppen und auch nicht um ein Schw\u00e4tzchen zu halten, sondern zum Arbeiten:<\/p>\n<p>Das Reinigen und Instandsetzen des Spielplatzes<\/p>\n<p>Leeren der Papierk\u00f6rbe<\/p>\n<p>Holz machen f\u00fcr den Kachelofen<\/p>\n<p>Reinigen der Dachrinne<\/p>\n<p>Kehren von Weg und Hof, Rasen m\u00e4hen<\/p>\n<p>Ausbessern und reparieren<\/p>\n<p>Kl\u00e4ranlage warten<\/p>\n<p>B\u00e4ume und Hecken schneiden<\/p>\n<p>Neues schaffen im Haus und drum herum.<\/p>\n<p>Manchmal eine m\u00fchselige Arbeit. Aber eine Arbeit die Freude macht. Denn mit dieser Arbeit sorgen wir daf\u00fcr, dass im Winter die Stube warm ist, dass unsere und ihre Kinder \u3000auf einem sicheren und sauberen Spielplatz spielen. Dass erhalten und gestaltet wird was uns wichtig ist.<\/p>\n<p>&nbsp;<\/p>\n","protected":false},"excerpt":{"rendered":"<p>Egal ob es regnet, st\u00fcrmt, schneit oder wir den tollsten Sonnenschein haben; Jeden Mittwoch und das seit \u00fcber 20 Jahren trifft sich unsere Gruppe. Nicht zum Fr\u00fchschoppen und auch nicht um ein Schw\u00e4tzchen zu halten, sondern zum Arbeiten: Das Reinigen und Instandsetzen des Spielplatzes Leeren der Papierk\u00f6rbe Holz machen f\u00fcr den Kachelofen Reinigen der Dachrinne&#8230;&nbsp;(<a href=\"https:\/\/naturfreunde-giengen.de\/?page_id=156\">weiterlesen<\/a>)<\/p>\n","protected":false},"author":1,"featured_media":0,"parent":83,"menu_order":0,"comment_status":"closed","ping_status":"closed","template":"page-no-sidebar.php","meta":{"two_page_speed":[],"footnotes":""},"class_list":["post-156","page","type-page","status-publish","hentry"],"_links":{"self":[{"href":"https:\/\/naturfreunde-giengen.de\/index.php?rest_route=\/wp\/v2\/pages\/156","targetHints":{"allow":["GET"]}}],"collection":[{"href":"https:\/\/naturfreunde-giengen.de\/index.php?rest_route=\/wp\/v2\/pages"}],"about":[{"href":"https:\/\/naturfreunde-giengen.de\/index.php?rest_route=\/wp\/v2\/types\/page"}],"author":[{"embeddable":true,"href":"https:\/\/naturfreunde-giengen.de\/index.php?rest_route=\/wp\/v2\/users\/1"}],"replies":[{"embeddable":true,"href":"https:\/\/naturfreunde-giengen.de\/index.php?rest_route=%2Fwp%2Fv2%2Fcomments&post=156"}],"version-history":[{"count":3,"href":"https:\/\/naturfreunde-giengen.de\/index.php?rest_route=\/wp\/v2\/pages\/156\/revisions"}],"predecessor-version":[{"id":206,"href":"https:\/\/naturfreunde-giengen.de\/index.php?rest_route=\/wp\/v2\/pages\/156\/revisions\/206"}],"up":[{"embeddable":true,"href":"https:\/\/naturfreunde-giengen.de\/index.php?rest_route=\/wp\/v2\/pages\/83"}],"wp:attachment":[{"href":"https:\/\/naturfreunde-giengen.de\/index.php?rest_route=%2Fwp%2Fv2%2Fmedia&parent=156"}],"curies":[{"name":"wp","href":"https:\/\/api.w.org\/{rel}","templated":true}]}}