{"id":151,"date":"2017-06-09T15:44:45","date_gmt":"2017-06-09T13:44:45","guid":{"rendered":"http:\/\/naturfreunde-giengen.de\/?page_id=151"},"modified":"2017-06-16T11:38:52","modified_gmt":"2017-06-16T09:38:52","slug":"die-mandolinengruppe","status":"publish","type":"page","link":"https:\/\/naturfreunde-giengen.de\/?page_id=151","title":{"rendered":"Die Mandolinengruppe"},"content":{"rendered":"<p>Klein aber fein ist die Mandolinengruppe des Ortsvereins Giengen. Die Gruppe geh\u00f6rt bereits seit der Gr\u00fcndung der Giengener Naturfreunde zum festen Bestandteil des Vereinslebens.<\/p>\n<p>Die Musikfreunde sind sowohl auf \u00f6rtlicher wie auf bezirklicher Ebene aktiv. Einige Mitglieder beteiligen sich auch an den unregelm\u00e4\u00dfigen Proben des Landesmusikorchesters.<\/p>\n<p>Die Mitglieder treffen sich regelm\u00e4\u00dfig zu ihren Proben am Mittwochabend im Naturfreundehaus \u201eHasenloch&#8220;.<\/p>\n<p>Wer Freude an der Musik hat wie wir sie spielen, ist herzlich willkommen bei uns mitzumachen.<\/p>\n<p align=\"CENTER\">Die Leitung der Gruppe liegt in den H\u00e4nden<\/p>\n<p align=\"CENTER\">von\u3000Christine Mack.<\/p>\n<p align=\"CENTER\">Weitere Ausk\u00fcnfte unter<\/p>\n<p style=\"text-align: center;\">Tel. Nr. 07322 \/ 5317<\/p>\n<p>&nbsp;<\/p>\n","protected":false},"excerpt":{"rendered":"<p>Klein aber fein ist die Mandolinengruppe des Ortsvereins Giengen. Die Gruppe geh\u00f6rt bereits seit der Gr\u00fcndung der Giengener Naturfreunde zum festen Bestandteil des Vereinslebens. Die Musikfreunde sind sowohl auf \u00f6rtlicher wie auf bezirklicher Ebene aktiv. Einige Mitglieder beteiligen sich auch an den unregelm\u00e4\u00dfigen Proben des Landesmusikorchesters. Die Mitglieder treffen sich regelm\u00e4\u00dfig zu ihren Proben am&#8230;&nbsp;(<a href=\"https:\/\/naturfreunde-giengen.de\/?page_id=151\">weiterlesen<\/a>)<\/p>\n","protected":false},"author":1,"featured_media":0,"parent":83,"menu_order":0,"comment_status":"closed","ping_status":"closed","template":"page-no-sidebar.php","meta":{"two_page_speed":[],"footnotes":""},"class_list":["post-151","page","type-page","status-publish","hentry"],"_links":{"self":[{"href":"https:\/\/naturfreunde-giengen.de\/index.php?rest_route=\/wp\/v2\/pages\/151","targetHints":{"allow":["GET"]}}],"collection":[{"href":"https:\/\/naturfreunde-giengen.de\/index.php?rest_route=\/wp\/v2\/pages"}],"about":[{"href":"https:\/\/naturfreunde-giengen.de\/index.php?rest_route=\/wp\/v2\/types\/page"}],"author":[{"embeddable":true,"href":"https:\/\/naturfreunde-giengen.de\/index.php?rest_route=\/wp\/v2\/users\/1"}],"replies":[{"embeddable":true,"href":"https:\/\/naturfreunde-giengen.de\/index.php?rest_route=%2Fwp%2Fv2%2Fcomments&post=151"}],"version-history":[{"count":3,"href":"https:\/\/naturfreunde-giengen.de\/index.php?rest_route=\/wp\/v2\/pages\/151\/revisions"}],"predecessor-version":[{"id":204,"href":"https:\/\/naturfreunde-giengen.de\/index.php?rest_route=\/wp\/v2\/pages\/151\/revisions\/204"}],"up":[{"embeddable":true,"href":"https:\/\/naturfreunde-giengen.de\/index.php?rest_route=\/wp\/v2\/pages\/83"}],"wp:attachment":[{"href":"https:\/\/naturfreunde-giengen.de\/index.php?rest_route=%2Fwp%2Fv2%2Fmedia&parent=151"}],"curies":[{"name":"wp","href":"https:\/\/api.w.org\/{rel}","templated":true}]}}