{"id":149,"date":"2017-06-09T15:44:29","date_gmt":"2017-06-09T13:44:29","guid":{"rendered":"http:\/\/naturfreunde-giengen.de\/?page_id=149"},"modified":"2025-02-24T17:57:34","modified_gmt":"2025-02-24T15:57:34","slug":"die-frauengruppe","status":"publish","type":"page","link":"https:\/\/naturfreunde-giengen.de\/?page_id=149","title":{"rendered":"Die Frauengruppe"},"content":{"rendered":"<p align=\"CENTER\">Die Existenz einer Frauengruppe ist erst seit 1982 in den Unterlagen nachzuweisen. Traf man sich anfangs noch zum Basteln, Kegeln und zu kleinen Wanderungen, so wurde doch das Spektrum gemeinsamer Freizeitgestaltung immer breiter. Bald standen Basarveranstaltungen auf dem Programm. Der Erl\u00f6s wurde f\u00fcr Hilfspakete f\u00fcr Polen verwendet. Auch die Betreuung einer neu gegr\u00fcndeten Kindergruppe wurde zuerst von den Frauen \u00fcbernommen. Zu den monatlichen Gruppenabenden erschienen in der Zwischenzeit 10-18 Personen. Durch die Teilnahme an den j\u00e4hrlichen internationalen Frauentagen, an den Frauentreffen des Landesverbandes, Besuchen beim S\u00fcddeutschen Rundfunk wurden die Treffen immer interessanter. Stadtf\u00fchrungen in Ulm, Aalen, Herrenberg und Stuttgart bereicherten das Programm. Mit Veranstaltungen zu sozialpolitischen Themen und zu reinen Frauenfragen wurden laufend neue Themen angegangen. Diese Abende wurden genauso interessant wie jene mit mehr kulturellen Themenbereichen. Zu nennen w\u00e4ren hier ein Abend \u00fcber das Leben von K\u00e4the Kollwitz, \u00fcber Kurt Tucholsky oder \u00fcber Werke von Thadd\u00e4us Troll. In jedem Jahr wurden auch die jeweils in Giengen weilenden Tschernobylkinder von den Frauen unterst\u00fctzt.<\/p>\n","protected":false},"excerpt":{"rendered":"<p>Die Existenz einer Frauengruppe ist erst seit 1982 in den Unterlagen nachzuweisen. Traf man sich anfangs noch zum Basteln, Kegeln und zu kleinen Wanderungen, so wurde doch das Spektrum gemeinsamer Freizeitgestaltung immer breiter. Bald standen Basarveranstaltungen auf dem Programm. Der Erl\u00f6s wurde f\u00fcr Hilfspakete f\u00fcr Polen verwendet. Auch die Betreuung einer neu gegr\u00fcndeten Kindergruppe wurde&#8230;&nbsp;(<a href=\"https:\/\/naturfreunde-giengen.de\/?page_id=149\">weiterlesen<\/a>)<\/p>\n","protected":false},"author":1,"featured_media":0,"parent":83,"menu_order":0,"comment_status":"closed","ping_status":"closed","template":"page-no-sidebar.php","meta":{"two_page_speed":[],"footnotes":""},"class_list":["post-149","page","type-page","status-publish","hentry"],"_links":{"self":[{"href":"https:\/\/naturfreunde-giengen.de\/index.php?rest_route=\/wp\/v2\/pages\/149","targetHints":{"allow":["GET"]}}],"collection":[{"href":"https:\/\/naturfreunde-giengen.de\/index.php?rest_route=\/wp\/v2\/pages"}],"about":[{"href":"https:\/\/naturfreunde-giengen.de\/index.php?rest_route=\/wp\/v2\/types\/page"}],"author":[{"embeddable":true,"href":"https:\/\/naturfreunde-giengen.de\/index.php?rest_route=\/wp\/v2\/users\/1"}],"replies":[{"embeddable":true,"href":"https:\/\/naturfreunde-giengen.de\/index.php?rest_route=%2Fwp%2Fv2%2Fcomments&post=149"}],"version-history":[{"count":3,"href":"https:\/\/naturfreunde-giengen.de\/index.php?rest_route=\/wp\/v2\/pages\/149\/revisions"}],"predecessor-version":[{"id":2126,"href":"https:\/\/naturfreunde-giengen.de\/index.php?rest_route=\/wp\/v2\/pages\/149\/revisions\/2126"}],"up":[{"embeddable":true,"href":"https:\/\/naturfreunde-giengen.de\/index.php?rest_route=\/wp\/v2\/pages\/83"}],"wp:attachment":[{"href":"https:\/\/naturfreunde-giengen.de\/index.php?rest_route=%2Fwp%2Fv2%2Fmedia&parent=149"}],"curies":[{"name":"wp","href":"https:\/\/api.w.org\/{rel}","templated":true}]}}