{"id":141,"date":"2017-06-09T15:35:13","date_gmt":"2017-06-09T13:35:13","guid":{"rendered":"http:\/\/naturfreunde-giengen.de\/?page_id=141"},"modified":"2025-06-07T16:07:11","modified_gmt":"2025-06-07T14:07:11","slug":"seniorengruppe","status":"publish","type":"page","link":"https:\/\/naturfreunde-giengen.de\/?page_id=141","title":{"rendered":"Seniorengruppe"},"content":{"rendered":"<p>Der gute Zustand des Giengener Ortsvereins ist vor allem der jahrelangen aufopferungsvollen T\u00e4tigkeit der \u00e4lteren Mitglieder zu verdanken. Der Ortsverein wei\u00df dies durchaus zu sch\u00e4tzen. Deshalb geh\u00f6rt die aktive Seniorenbetreuung zum festen Bestandteil des Vereinslebens. Jeden Dienstag treffen sich interessierte Personen zu gemeinsamen Spazierg\u00e4ngen und gem\u00fctlichen Treffen. Zum Programm geh\u00f6ren auch Ausfahrten in die n\u00e4here und weitere Umgebung. Sowohl am Dienstag wie am Mittwochnachmittag im \u201eHasenloch&#8220; sind den Senioren auch j\u00fcngere G\u00e4ste jederzeit willkommen.<\/p>\n<p align=\"CENTER\">Die Gruppe wird von Hermann Eberhard geleitet.<br \/>\nDieser ist unter der folgenden Adresse zu erreichen<\/p>\n<p align=\"CENTER\">Hermann Eberhard<\/p>\n<p align=\"CENTER\">Ferdinand Porsche Str.13<\/p>\n<p style=\"text-align: center;\">89537 Giengen<\/p>\n","protected":false},"excerpt":{"rendered":"<p>Der gute Zustand des Giengener Ortsvereins ist vor allem der jahrelangen aufopferungsvollen T\u00e4tigkeit der \u00e4lteren Mitglieder zu verdanken. Der Ortsverein wei\u00df dies durchaus zu sch\u00e4tzen. Deshalb geh\u00f6rt die aktive Seniorenbetreuung zum festen Bestandteil des Vereinslebens. Jeden Dienstag treffen sich interessierte Personen zu gemeinsamen Spazierg\u00e4ngen und gem\u00fctlichen Treffen. Zum Programm geh\u00f6ren auch Ausfahrten in die n\u00e4here&#8230;&nbsp;(<a href=\"https:\/\/naturfreunde-giengen.de\/?page_id=141\">weiterlesen<\/a>)<\/p>\n","protected":false},"author":1,"featured_media":0,"parent":83,"menu_order":0,"comment_status":"closed","ping_status":"closed","template":"page-no-sidebar.php","meta":{"two_page_speed":[],"footnotes":""},"class_list":["post-141","page","type-page","status-publish","hentry"],"_links":{"self":[{"href":"https:\/\/naturfreunde-giengen.de\/index.php?rest_route=\/wp\/v2\/pages\/141","targetHints":{"allow":["GET"]}}],"collection":[{"href":"https:\/\/naturfreunde-giengen.de\/index.php?rest_route=\/wp\/v2\/pages"}],"about":[{"href":"https:\/\/naturfreunde-giengen.de\/index.php?rest_route=\/wp\/v2\/types\/page"}],"author":[{"embeddable":true,"href":"https:\/\/naturfreunde-giengen.de\/index.php?rest_route=\/wp\/v2\/users\/1"}],"replies":[{"embeddable":true,"href":"https:\/\/naturfreunde-giengen.de\/index.php?rest_route=%2Fwp%2Fv2%2Fcomments&post=141"}],"version-history":[{"count":6,"href":"https:\/\/naturfreunde-giengen.de\/index.php?rest_route=\/wp\/v2\/pages\/141\/revisions"}],"predecessor-version":[{"id":2166,"href":"https:\/\/naturfreunde-giengen.de\/index.php?rest_route=\/wp\/v2\/pages\/141\/revisions\/2166"}],"up":[{"embeddable":true,"href":"https:\/\/naturfreunde-giengen.de\/index.php?rest_route=\/wp\/v2\/pages\/83"}],"wp:attachment":[{"href":"https:\/\/naturfreunde-giengen.de\/index.php?rest_route=%2Fwp%2Fv2%2Fmedia&parent=141"}],"curies":[{"name":"wp","href":"https:\/\/api.w.org\/{rel}","templated":true}]}}